{"id":2223,"date":"2021-03-24T10:06:47","date_gmt":"2021-03-24T14:06:47","guid":{"rendered":"https:\/\/thecastlebythesea.com\/a-propos-de-notre-motel\/"},"modified":"2023-08-14T14:10:58","modified_gmt":"2023-08-14T18:10:58","slug":"a-propos-de-notre-motel","status":"publish","type":"page","link":"https:\/\/thecastlebythesea.com\/fr\/a-propos-de-notre-motel\/","title":{"rendered":"\u00c0 propos de notre motel"},"content":{"rendered":"<div class=\"wpb-content-wrapper\"><p>[vc_row full_width=\u00a0\u00bbstretch_row\u00a0\u00bb content_placement=\u00a0\u00bbtop\u00a0\u00bb bg_type=\u00a0\u00bbbg_color\u00a0\u00bb bg_color_value=\u00a0\u00bb#ffffff\u00a0\u00bb css=\u00a0\u00bb.vc_custom_1616612942962{margin-bottom: -50px !important;padding-bottom: 70px !important;}\u00a0\u00bb][vc_column width=\u00a0\u00bb1\/2&Prime;][vc_column_text]<img loading=\"lazy\" decoding=\"async\" class=\"alignnone wp-image-2444 size-full\" src=\"https:\/\/thecastlebythesea.com\/wp-content\/uploads\/2023\/08\/Castle-About-our-Motel-Sitting-area_12-1.jpg\" alt=\"\" width=\"1067\" height=\"1067\" srcset=\"https:\/\/thecastlebythesea.com\/wp-content\/uploads\/2023\/08\/Castle-About-our-Motel-Sitting-area_12-1.jpg 1067w, https:\/\/thecastlebythesea.com\/wp-content\/uploads\/2023\/08\/Castle-About-our-Motel-Sitting-area_12-1-300x300.jpg 300w, https:\/\/thecastlebythesea.com\/wp-content\/uploads\/2023\/08\/Castle-About-our-Motel-Sitting-area_12-1-150x150.jpg 150w, https:\/\/thecastlebythesea.com\/wp-content\/uploads\/2023\/08\/Castle-About-our-Motel-Sitting-area_12-1-768x768.jpg 768w\" sizes=\"auto, (max-width: 1067px) 100vw, 1067px\" \/>[\/vc_column_text][\/vc_column][vc_column width=\u00a0\u00bb1\/2&Prime;][vc_column_text]<\/p>\n<h2>Bienvenue \u00e0 Castle by the Sea,<\/h2>\n<p>Un h\u00f4tel de 16\u00a0chambres bien situ\u00e9 \u00e0 quelques minutes d\u2019une des meilleures plages de la Floride. Que vous veniez y passer vos vacances ou faire une halte pendant votre croisi\u00e8re, nous vous invitons \u00e0 profiter du charme de Lauderdale-By-The-Sea.<\/p>\n<p>Nous offrons une s\u00e9lection de chambres et de studios meubl\u00e9s avec go\u00fbt. Nous vous invitons \u00e0 venir vous d\u00e9tendre dans notre grande piscine, ou, si vous souhaitez vous aventurer plus loin, \u00e0 profiter des nombreux restaurants et bars raffin\u00e9s et des options de divertissement qui se trouvent \u00e0 proximit\u00e9.<\/p>\n<p>Lauderdale-By-The-Sea est une communaut\u00e9 r\u00e9sidentielle baln\u00e9aire \u00e0 la fois hupp\u00e9e et d\u00e9contract\u00e9e. Ce charmant village c\u00f4tier est situ\u00e9 tout juste au nord de la ville de Fort Lauderdale, sur le littoral marin qui borde le comt\u00e9 de Broward. Un r\u00e8glement limite \u00e0 quatre \u00e9tages la hauteur de la majorit\u00e9 des b\u00e2timents, ce qui cr\u00e9e une oasis de s\u00e9r\u00e9nit\u00e9 aux airs de Key West au centre de la r\u00e9gion prosp\u00e8re qu\u2019est le sud de la Floride.<\/p>\n<p>Visitez-nous une fois et nous sommes persuad\u00e9s que vous reviendrez encore et encore comme bon nombre de nos clients. Laissez-nous faire de Castle by the Sea votre second chez-soi.[\/vc_column_text][vc_empty_space height=\u00a0\u00bb30px\u00a0\u00bb][vc_btn title=\u00a0\u00bbVOIR LES CHAMBRES\u00a0\u00bb style=\u00a0\u00bbcustom\u00a0\u00bb custom_background=\u00a0\u00bb#2daae0&Prime; custom_text=\u00a0\u00bb#ffffff\u00a0\u00bb i_icon_fontawesome=\u00a0\u00bbfas fa-hotel\u00a0\u00bb add_icon=\u00a0\u00bbtrue\u00a0\u00bb link=\u00a0\u00bburl:https%3A%2F%2Fthecastlebythesea.com%2Ffr%2Fchambres%2F|title:Chambres\u00a0\u00bb css=\u00a0\u00bb.vc_custom_1616608808122{margin-right: 20px !important;margin-bottom: 10px !important;}\u00a0\u00bb][vc_btn title=\u00a0\u00bbTripadvisor\u00a0\u00bb style=\u00a0\u00bbcustom\u00a0\u00bb custom_background=\u00a0\u00bb#34e0a1&Prime; custom_text=\u00a0\u00bb#ffffff\u00a0\u00bb i_icon_fontawesome=\u00a0\u00bbfab fa-tripadvisor\u00a0\u00bb add_icon=\u00a0\u00bbtrue\u00a0\u00bb link=\u00a0\u00bburl:https%3A%2F%2Fwww.tripadvisor.com%2FHotel_Review-g34381-d1217278-Reviews-Castle_by_the_Sea-Lauderdale_By_The_Sea_Broward_County_Florida.html|title:Chambres|target:_blank|\u00a0\u00bb][\/vc_column][\/vc_row]<\/p>\n<\/div>","protected":false},"excerpt":{"rendered":"<p>[vc_row full_width=\u00a0\u00bbstretch_row\u00a0\u00bb content_placement=\u00a0\u00bbtop\u00a0\u00bb bg_type=\u00a0\u00bbbg_color\u00a0\u00bb bg_color_value=\u00a0\u00bb#ffffff\u00a0\u00bb css=\u00a0\u00bb.vc_custom_1616612942962{margin-bottom: -50px !important;padding-bottom: 70px !important;}\u00a0\u00bb][vc_column width=\u00a0\u00bb1\/2&Prime;][vc_column_text][\/vc_column_text][\/vc_column][vc_column width=\u00a0\u00bb1\/2&Prime;][vc_column_text] Bienvenue \u00e0 Castle by the Sea, Un h\u00f4tel de 16\u00a0chambres bien situ\u00e9 \u00e0 quelques minutes d\u2019une des meilleures plages de la Floride. Que vous veniez y passer vos vacances ou faire une halte pendant votre croisi\u00e8re, nous vous invitons \u00e0 profiter du charme&hellip;<\/p>\n","protected":false},"author":1,"featured_media":2179,"parent":0,"menu_order":0,"comment_status":"closed","ping_status":"closed","template":"","meta":{"footnotes":""},"class_list":["post-2223","page","type-page","status-publish","has-post-thumbnail","hentry","description-off"],"yoast_head":"<!-- This site is optimized with the Yoast SEO plugin v27.4 - https:\/\/yoast.com\/product\/yoast-seo-wordpress\/ -->\n<title>\u00c0 propos de notre motel - Castle by the Sea Motel - Lauderdale-By-The-Sea, Floride<\/title>\n<meta name=\"description\" content=\"Un h\u00f4tel de 16\u00a0chambres bien situ\u00e9 \u00e0 quelques minutes d\u2019une des meilleures plages de la Floride. Venez profiter du charme de Lauderdale-By-The-Sea.\" \/>\n<meta name=\"robots\" content=\"index, follow, max-snippet:-1, max-image-preview:large, max-video-preview:-1\" \/>\n<link rel=\"canonical\" href=\"https:\/\/thecastlebythesea.com\/fr\/a-propos-de-notre-motel\/\" \/>\n<meta property=\"og:locale\" content=\"fr_FR\" \/>\n<meta property=\"og:type\" content=\"article\" \/>\n<meta property=\"og:title\" content=\"\u00c0 propos de notre motel - Castle by the Sea Motel - Lauderdale-By-The-Sea, Floride\" \/>\n<meta property=\"og:description\" content=\"Un h\u00f4tel de 16\u00a0chambres bien situ\u00e9 \u00e0 quelques minutes d\u2019une des meilleures plages de la Floride. Venez profiter du charme de Lauderdale-By-The-Sea.\" \/>\n<meta property=\"og:url\" content=\"https:\/\/thecastlebythesea.com\/fr\/a-propos-de-notre-motel\/\" \/>\n<meta property=\"og:site_name\" content=\"Castle by the Sea Motel\" \/>\n<meta property=\"article:modified_time\" content=\"2023-08-14T18:10:58+00:00\" \/>\n<meta property=\"og:image\" content=\"https:\/\/thecastlebythesea.com\/wp-content\/uploads\/2021\/03\/Castle-by-the-Sea-Feat.jpg\" \/>\n\t<meta property=\"og:image:width\" content=\"1200\" \/>\n\t<meta property=\"og:image:height\" content=\"630\" \/>\n\t<meta property=\"og:image:type\" content=\"image\/jpeg\" \/>\n<meta name=\"twitter:card\" content=\"summary_large_image\" \/>\n<meta name=\"twitter:label1\" content=\"Dur\u00e9e de lecture estim\u00e9e\" \/>\n\t<meta name=\"twitter:data1\" content=\"2 minutes\" \/>\n<script type=\"application\/ld+json\" class=\"yoast-schema-graph\">{\"@context\":\"https:\\\/\\\/schema.org\",\"@graph\":[{\"@type\":\"WebPage\",\"@id\":\"https:\\\/\\\/thecastlebythesea.com\\\/fr\\\/a-propos-de-notre-motel\\\/\",\"url\":\"https:\\\/\\\/thecastlebythesea.com\\\/fr\\\/a-propos-de-notre-motel\\\/\",\"name\":\"\u00c0 propos de notre motel - Castle by the Sea Motel - Lauderdale-By-The-Sea, Floride\",\"isPartOf\":{\"@id\":\"https:\\\/\\\/thecastlebythesea.com\\\/fr\\\/#website\"},\"primaryImageOfPage\":{\"@id\":\"https:\\\/\\\/thecastlebythesea.com\\\/fr\\\/a-propos-de-notre-motel\\\/#primaryimage\"},\"image\":{\"@id\":\"https:\\\/\\\/thecastlebythesea.com\\\/fr\\\/a-propos-de-notre-motel\\\/#primaryimage\"},\"thumbnailUrl\":\"https:\\\/\\\/thecastlebythesea.com\\\/wp-content\\\/uploads\\\/2021\\\/03\\\/Castle-by-the-Sea-Feat.jpg\",\"datePublished\":\"2021-03-24T14:06:47+00:00\",\"dateModified\":\"2023-08-14T18:10:58+00:00\",\"description\":\"Un h\u00f4tel de 16\u00a0chambres bien situ\u00e9 \u00e0 quelques minutes d\u2019une des meilleures plages de la Floride. Venez profiter du charme de Lauderdale-By-The-Sea.\",\"breadcrumb\":{\"@id\":\"https:\\\/\\\/thecastlebythesea.com\\\/fr\\\/a-propos-de-notre-motel\\\/#breadcrumb\"},\"inLanguage\":\"fr-FR\",\"potentialAction\":[{\"@type\":\"ReadAction\",\"target\":[\"https:\\\/\\\/thecastlebythesea.com\\\/fr\\\/a-propos-de-notre-motel\\\/\"]}]},{\"@type\":\"ImageObject\",\"inLanguage\":\"fr-FR\",\"@id\":\"https:\\\/\\\/thecastlebythesea.com\\\/fr\\\/a-propos-de-notre-motel\\\/#primaryimage\",\"url\":\"https:\\\/\\\/thecastlebythesea.com\\\/wp-content\\\/uploads\\\/2021\\\/03\\\/Castle-by-the-Sea-Feat.jpg\",\"contentUrl\":\"https:\\\/\\\/thecastlebythesea.com\\\/wp-content\\\/uploads\\\/2021\\\/03\\\/Castle-by-the-Sea-Feat.jpg\",\"width\":1200,\"height\":630,\"caption\":\"Motel Castle by the Sea\"},{\"@type\":\"BreadcrumbList\",\"@id\":\"https:\\\/\\\/thecastlebythesea.com\\\/fr\\\/a-propos-de-notre-motel\\\/#breadcrumb\",\"itemListElement\":[{\"@type\":\"ListItem\",\"position\":1,\"name\":\"Home\",\"item\":\"https:\\\/\\\/thecastlebythesea.com\\\/fr\\\/\"},{\"@type\":\"ListItem\",\"position\":2,\"name\":\"\u00c0 propos de notre motel\"}]},{\"@type\":\"WebSite\",\"@id\":\"https:\\\/\\\/thecastlebythesea.com\\\/fr\\\/#website\",\"url\":\"https:\\\/\\\/thecastlebythesea.com\\\/fr\\\/\",\"name\":\"Castle by the Sea\",\"description\":\"Motel located in Lauderdale-By-The-Sea, USA\",\"publisher\":{\"@id\":\"https:\\\/\\\/thecastlebythesea.com\\\/fr\\\/#organization\"},\"potentialAction\":[{\"@type\":\"SearchAction\",\"target\":{\"@type\":\"EntryPoint\",\"urlTemplate\":\"https:\\\/\\\/thecastlebythesea.com\\\/fr\\\/?s={search_term_string}\"},\"query-input\":{\"@type\":\"PropertyValueSpecification\",\"valueRequired\":true,\"valueName\":\"search_term_string\"}}],\"inLanguage\":\"fr-FR\"},{\"@type\":\"Organization\",\"@id\":\"https:\\\/\\\/thecastlebythesea.com\\\/fr\\\/#organization\",\"name\":\"Castle by the Sea Motel\",\"url\":\"https:\\\/\\\/thecastlebythesea.com\\\/fr\\\/\",\"logo\":{\"@type\":\"ImageObject\",\"inLanguage\":\"fr-FR\",\"@id\":\"https:\\\/\\\/thecastlebythesea.com\\\/fr\\\/#\\\/schema\\\/logo\\\/image\\\/\",\"url\":\"https:\\\/\\\/thecastlebythesea.com\\\/wp-content\\\/uploads\\\/2021\\\/03\\\/Castle-by-the-Sea-logo.png\",\"contentUrl\":\"https:\\\/\\\/thecastlebythesea.com\\\/wp-content\\\/uploads\\\/2021\\\/03\\\/Castle-by-the-Sea-logo.png\",\"width\":331,\"height\":90,\"caption\":\"Castle by the Sea Motel\"},\"image\":{\"@id\":\"https:\\\/\\\/thecastlebythesea.com\\\/fr\\\/#\\\/schema\\\/logo\\\/image\\\/\"}}]}<\/script>\n<!-- \/ Yoast SEO plugin. -->","yoast_head_json":{"title":"\u00c0 propos de notre motel - Castle by the Sea Motel - Lauderdale-By-The-Sea, Floride","description":"Un h\u00f4tel de 16\u00a0chambres bien situ\u00e9 \u00e0 quelques minutes d\u2019une des meilleures plages de la Floride. Venez profiter du charme de Lauderdale-By-The-Sea.","robots":{"index":"index","follow":"follow","max-snippet":"max-snippet:-1","max-image-preview":"max-image-preview:large","max-video-preview":"max-video-preview:-1"},"canonical":"https:\/\/thecastlebythesea.com\/fr\/a-propos-de-notre-motel\/","og_locale":"fr_FR","og_type":"article","og_title":"\u00c0 propos de notre motel - Castle by the Sea Motel - Lauderdale-By-The-Sea, Floride","og_description":"Un h\u00f4tel de 16\u00a0chambres bien situ\u00e9 \u00e0 quelques minutes d\u2019une des meilleures plages de la Floride. Venez profiter du charme de Lauderdale-By-The-Sea.","og_url":"https:\/\/thecastlebythesea.com\/fr\/a-propos-de-notre-motel\/","og_site_name":"Castle by the Sea Motel","article_modified_time":"2023-08-14T18:10:58+00:00","og_image":[{"width":1200,"height":630,"url":"https:\/\/thecastlebythesea.com\/wp-content\/uploads\/2021\/03\/Castle-by-the-Sea-Feat.jpg","type":"image\/jpeg"}],"twitter_card":"summary_large_image","twitter_misc":{"Dur\u00e9e de lecture estim\u00e9e":"2 minutes"},"schema":{"@context":"https:\/\/schema.org","@graph":[{"@type":"WebPage","@id":"https:\/\/thecastlebythesea.com\/fr\/a-propos-de-notre-motel\/","url":"https:\/\/thecastlebythesea.com\/fr\/a-propos-de-notre-motel\/","name":"\u00c0 propos de notre motel - Castle by the Sea Motel - Lauderdale-By-The-Sea, Floride","isPartOf":{"@id":"https:\/\/thecastlebythesea.com\/fr\/#website"},"primaryImageOfPage":{"@id":"https:\/\/thecastlebythesea.com\/fr\/a-propos-de-notre-motel\/#primaryimage"},"image":{"@id":"https:\/\/thecastlebythesea.com\/fr\/a-propos-de-notre-motel\/#primaryimage"},"thumbnailUrl":"https:\/\/thecastlebythesea.com\/wp-content\/uploads\/2021\/03\/Castle-by-the-Sea-Feat.jpg","datePublished":"2021-03-24T14:06:47+00:00","dateModified":"2023-08-14T18:10:58+00:00","description":"Un h\u00f4tel de 16\u00a0chambres bien situ\u00e9 \u00e0 quelques minutes d\u2019une des meilleures plages de la Floride. Venez profiter du charme de Lauderdale-By-The-Sea.","breadcrumb":{"@id":"https:\/\/thecastlebythesea.com\/fr\/a-propos-de-notre-motel\/#breadcrumb"},"inLanguage":"fr-FR","potentialAction":[{"@type":"ReadAction","target":["https:\/\/thecastlebythesea.com\/fr\/a-propos-de-notre-motel\/"]}]},{"@type":"ImageObject","inLanguage":"fr-FR","@id":"https:\/\/thecastlebythesea.com\/fr\/a-propos-de-notre-motel\/#primaryimage","url":"https:\/\/thecastlebythesea.com\/wp-content\/uploads\/2021\/03\/Castle-by-the-Sea-Feat.jpg","contentUrl":"https:\/\/thecastlebythesea.com\/wp-content\/uploads\/2021\/03\/Castle-by-the-Sea-Feat.jpg","width":1200,"height":630,"caption":"Motel Castle by the Sea"},{"@type":"BreadcrumbList","@id":"https:\/\/thecastlebythesea.com\/fr\/a-propos-de-notre-motel\/#breadcrumb","itemListElement":[{"@type":"ListItem","position":1,"name":"Home","item":"https:\/\/thecastlebythesea.com\/fr\/"},{"@type":"ListItem","position":2,"name":"\u00c0 propos de notre motel"}]},{"@type":"WebSite","@id":"https:\/\/thecastlebythesea.com\/fr\/#website","url":"https:\/\/thecastlebythesea.com\/fr\/","name":"Castle by the Sea","description":"Motel located in Lauderdale-By-The-Sea, USA","publisher":{"@id":"https:\/\/thecastlebythesea.com\/fr\/#organization"},"potentialAction":[{"@type":"SearchAction","target":{"@type":"EntryPoint","urlTemplate":"https:\/\/thecastlebythesea.com\/fr\/?s={search_term_string}"},"query-input":{"@type":"PropertyValueSpecification","valueRequired":true,"valueName":"search_term_string"}}],"inLanguage":"fr-FR"},{"@type":"Organization","@id":"https:\/\/thecastlebythesea.com\/fr\/#organization","name":"Castle by the Sea Motel","url":"https:\/\/thecastlebythesea.com\/fr\/","logo":{"@type":"ImageObject","inLanguage":"fr-FR","@id":"https:\/\/thecastlebythesea.com\/fr\/#\/schema\/logo\/image\/","url":"https:\/\/thecastlebythesea.com\/wp-content\/uploads\/2021\/03\/Castle-by-the-Sea-logo.png","contentUrl":"https:\/\/thecastlebythesea.com\/wp-content\/uploads\/2021\/03\/Castle-by-the-Sea-logo.png","width":331,"height":90,"caption":"Castle by the Sea Motel"},"image":{"@id":"https:\/\/thecastlebythesea.com\/fr\/#\/schema\/logo\/image\/"}}]}},"_links":{"self":[{"href":"https:\/\/thecastlebythesea.com\/fr\/wp-json\/wp\/v2\/pages\/2223","targetHints":{"allow":["GET"]}}],"collection":[{"href":"https:\/\/thecastlebythesea.com\/fr\/wp-json\/wp\/v2\/pages"}],"about":[{"href":"https:\/\/thecastlebythesea.com\/fr\/wp-json\/wp\/v2\/types\/page"}],"author":[{"embeddable":true,"href":"https:\/\/thecastlebythesea.com\/fr\/wp-json\/wp\/v2\/users\/1"}],"replies":[{"embeddable":true,"href":"https:\/\/thecastlebythesea.com\/fr\/wp-json\/wp\/v2\/comments?post=2223"}],"version-history":[{"count":6,"href":"https:\/\/thecastlebythesea.com\/fr\/wp-json\/wp\/v2\/pages\/2223\/revisions"}],"predecessor-version":[{"id":2502,"href":"https:\/\/thecastlebythesea.com\/fr\/wp-json\/wp\/v2\/pages\/2223\/revisions\/2502"}],"wp:featuredmedia":[{"embeddable":true,"href":"https:\/\/thecastlebythesea.com\/fr\/wp-json\/wp\/v2\/media\/2179"}],"wp:attachment":[{"href":"https:\/\/thecastlebythesea.com\/fr\/wp-json\/wp\/v2\/media?parent=2223"}],"curies":[{"name":"wp","href":"https:\/\/api.w.org\/{rel}","templated":true}]}}