{"id":2229,"date":"2021-03-24T10:06:53","date_gmt":"2021-03-24T14:06:53","guid":{"rendered":"https:\/\/thecastlebythesea.com\/acerca-de-nuestro-motel\/"},"modified":"2023-08-14T14:10:28","modified_gmt":"2023-08-14T18:10:28","slug":"acerca-de-nuestro-motel","status":"publish","type":"page","link":"https:\/\/thecastlebythesea.com\/es\/acerca-de-nuestro-motel\/","title":{"rendered":"Acerca de nuestro motel"},"content":{"rendered":"<div class=\"wpb-content-wrapper\"><p>[vc_row full_width=\u00bbstretch_row\u00bb content_placement=\u00bbtop\u00bb bg_type=\u00bbbg_color\u00bb bg_color_value=\u00bb#ffffff\u00bb css=\u00bb.vc_custom_1616612893078{margin-bottom: -50px !important;padding-bottom: 70px !important;}\u00bb][vc_column width=\u00bb1\/2&#8243;][vc_column_text]<img loading=\"lazy\" decoding=\"async\" class=\"alignnone wp-image-2445 size-full\" src=\"https:\/\/thecastlebythesea.com\/wp-content\/uploads\/2023\/08\/Castle-About-our-Motel-Sitting-area_12-1.jpg\" alt=\"\" width=\"1067\" height=\"1067\" srcset=\"https:\/\/thecastlebythesea.com\/wp-content\/uploads\/2023\/08\/Castle-About-our-Motel-Sitting-area_12-1.jpg 1067w, https:\/\/thecastlebythesea.com\/wp-content\/uploads\/2023\/08\/Castle-About-our-Motel-Sitting-area_12-1-300x300.jpg 300w, https:\/\/thecastlebythesea.com\/wp-content\/uploads\/2023\/08\/Castle-About-our-Motel-Sitting-area_12-1-150x150.jpg 150w, https:\/\/thecastlebythesea.com\/wp-content\/uploads\/2023\/08\/Castle-About-our-Motel-Sitting-area_12-1-768x768.jpg 768w\" sizes=\"auto, (max-width: 1067px) 100vw, 1067px\" \/>[\/vc_column_text][\/vc_column][vc_column width=\u00bb1\/2&#8243;][vc_column_text]<\/p>\n<h2>Bienvenidos al Castle by the Sea,<\/h2>\n<p>Un motel de 16 habitaciones convenientemente situado a unos minutos de una de las mejores playas de Florida. No importa si necesita un lugar para vacacionar o para hacer una parada en un viaje en crucero, venga a disfrutar del encanto de Lauderdale by the Sea.<\/p>\n<p>Nosotros ofrecemos una gama de habitaciones est\u00e1ndares y eficientes bien equipadas. Rel\u00e1jese en nuestra gran piscina, o si quiere aventurarse m\u00e1s all\u00e1, hay muchos restaurantes y bares de categor\u00eda para su deleite gastron\u00f3mico y entretenimiento en las proximidades.<\/p>\n<p>Lauderdale-by-the-Sea es una exclusiva comunidad con una playa de kil\u00f3metro y medio de largo. Este es un encantador pueblo costero que est\u00e1 justo al norte de la ciudad de Fort Lauderdale, en el borde oriental del Condado de Broward que da al oc\u00e9ano. Dado que la mayor\u00eda de los edificios est\u00e1n limitados a cuatro pisos de altura, se puede disfrutar de un ambiente de oasis sereno al estilo Key West, en el centro del pr\u00f3spero sur de Florida.<\/p>\n<p>Vis\u00edtenos una vez y seguramente ser\u00e1 en uno de los muchos hu\u00e9spedes que vuelven una y otra vez. Perm\u00edtanos hacer que Castle by the Sea sea su hogar lejos del hogar.[\/vc_column_text][vc_empty_space height=\u00bb30px\u00bb][vc_btn title=\u00bbVER HABITACIONES\u00bb style=\u00bbcustom\u00bb custom_background=\u00bb#2daae0&#8243; custom_text=\u00bb#ffffff\u00bb i_icon_fontawesome=\u00bbfas fa-hotel\u00bb add_icon=\u00bbtrue\u00bb link=\u00bburl:https%3A%2F%2Fthecastlebythesea.com%2Fes%2Fhabitaciones%2F|title:Habitaciones\u00bb css=\u00bb.vc_custom_1616608868741{margin-right: 20px !important;margin-bottom: 10px !important;}\u00bb][vc_btn title=\u00bbTripadvisor\u00bb style=\u00bbcustom\u00bb custom_background=\u00bb#34e0a1&#8243; custom_text=\u00bb#ffffff\u00bb i_icon_fontawesome=\u00bbfab fa-tripadvisor\u00bb add_icon=\u00bbtrue\u00bb link=\u00bburl:https%3A%2F%2Fwww.tripadvisor.com%2FHotel_Review-g34381-d1217278-Reviews-Castle_by_the_Sea-Lauderdale_By_The_Sea_Broward_County_Florida.html|title:Habitaciones|target:_blank|\u00bb][\/vc_column][\/vc_row]<\/p>\n<\/div>","protected":false},"excerpt":{"rendered":"<p>[vc_row full_width=\u00bbstretch_row\u00bb content_placement=\u00bbtop\u00bb bg_type=\u00bbbg_color\u00bb bg_color_value=\u00bb#ffffff\u00bb css=\u00bb.vc_custom_1616612893078{margin-bottom: -50px !important;padding-bottom: 70px !important;}\u00bb][vc_column width=\u00bb1\/2&#8243;][vc_column_text][\/vc_column_text][\/vc_column][vc_column width=\u00bb1\/2&#8243;][vc_column_text] Bienvenidos al Castle by the Sea, Un motel de 16 habitaciones convenientemente situado a unos minutos de una de las mejores playas de Florida. No importa si necesita un lugar para vacacionar o para hacer una parada en un viaje en crucero, venga&hellip;<\/p>\n","protected":false},"author":1,"featured_media":2180,"parent":0,"menu_order":0,"comment_status":"closed","ping_status":"closed","template":"","meta":{"footnotes":""},"class_list":["post-2229","page","type-page","status-publish","has-post-thumbnail","hentry","description-off"],"yoast_head":"<!-- This site is optimized with the Yoast SEO plugin v27.4 - https:\/\/yoast.com\/product\/yoast-seo-wordpress\/ -->\n<title>Acerca de nuestro motel - Castle by the Sea Motel - Lauderdale-by-the-Sea, Florida<\/title>\n<meta name=\"description\" content=\"Un motel de 16 habitaciones convenientemente situado a pocos minutos de una de las mejores playas de Florida. Venga a disfrutar del encanto de Lauderdale-by-the-Sea.\" \/>\n<meta name=\"robots\" content=\"index, follow, max-snippet:-1, max-image-preview:large, max-video-preview:-1\" \/>\n<link rel=\"canonical\" href=\"https:\/\/thecastlebythesea.com\/es\/acerca-de-nuestro-motel\/\" \/>\n<meta property=\"og:locale\" content=\"es_ES\" \/>\n<meta property=\"og:type\" content=\"article\" \/>\n<meta property=\"og:title\" content=\"Acerca de nuestro motel - Castle by the Sea Motel - Lauderdale-by-the-Sea, Florida\" \/>\n<meta property=\"og:description\" content=\"Un motel de 16 habitaciones convenientemente situado a pocos minutos de una de las mejores playas de Florida. Venga a disfrutar del encanto de Lauderdale-by-the-Sea.\" \/>\n<meta property=\"og:url\" content=\"https:\/\/thecastlebythesea.com\/es\/acerca-de-nuestro-motel\/\" \/>\n<meta property=\"og:site_name\" content=\"Castle by the Sea Motel\" \/>\n<meta property=\"article:modified_time\" content=\"2023-08-14T18:10:28+00:00\" \/>\n<meta property=\"og:image\" content=\"https:\/\/thecastlebythesea.com\/wp-content\/uploads\/2021\/03\/Castle-by-the-Sea-Feat.jpg\" \/>\n\t<meta property=\"og:image:width\" content=\"1200\" \/>\n\t<meta property=\"og:image:height\" content=\"630\" \/>\n\t<meta property=\"og:image:type\" content=\"image\/jpeg\" \/>\n<meta name=\"twitter:card\" content=\"summary_large_image\" \/>\n<meta name=\"twitter:label1\" content=\"Tiempo de lectura\" \/>\n\t<meta name=\"twitter:data1\" content=\"2 minutos\" \/>\n<script type=\"application\/ld+json\" class=\"yoast-schema-graph\">{\"@context\":\"https:\\\/\\\/schema.org\",\"@graph\":[{\"@type\":\"WebPage\",\"@id\":\"https:\\\/\\\/thecastlebythesea.com\\\/es\\\/acerca-de-nuestro-motel\\\/\",\"url\":\"https:\\\/\\\/thecastlebythesea.com\\\/es\\\/acerca-de-nuestro-motel\\\/\",\"name\":\"Acerca de nuestro motel - Castle by the Sea Motel - Lauderdale-by-the-Sea, Florida\",\"isPartOf\":{\"@id\":\"https:\\\/\\\/thecastlebythesea.com\\\/es\\\/#website\"},\"primaryImageOfPage\":{\"@id\":\"https:\\\/\\\/thecastlebythesea.com\\\/es\\\/acerca-de-nuestro-motel\\\/#primaryimage\"},\"image\":{\"@id\":\"https:\\\/\\\/thecastlebythesea.com\\\/es\\\/acerca-de-nuestro-motel\\\/#primaryimage\"},\"thumbnailUrl\":\"https:\\\/\\\/thecastlebythesea.com\\\/wp-content\\\/uploads\\\/2021\\\/03\\\/Castle-by-the-Sea-Feat.jpg\",\"datePublished\":\"2021-03-24T14:06:53+00:00\",\"dateModified\":\"2023-08-14T18:10:28+00:00\",\"description\":\"Un motel de 16 habitaciones convenientemente situado a pocos minutos de una de las mejores playas de Florida. Venga a disfrutar del encanto de Lauderdale-by-the-Sea.\",\"breadcrumb\":{\"@id\":\"https:\\\/\\\/thecastlebythesea.com\\\/es\\\/acerca-de-nuestro-motel\\\/#breadcrumb\"},\"inLanguage\":\"es\",\"potentialAction\":[{\"@type\":\"ReadAction\",\"target\":[\"https:\\\/\\\/thecastlebythesea.com\\\/es\\\/acerca-de-nuestro-motel\\\/\"]}]},{\"@type\":\"ImageObject\",\"inLanguage\":\"es\",\"@id\":\"https:\\\/\\\/thecastlebythesea.com\\\/es\\\/acerca-de-nuestro-motel\\\/#primaryimage\",\"url\":\"https:\\\/\\\/thecastlebythesea.com\\\/wp-content\\\/uploads\\\/2021\\\/03\\\/Castle-by-the-Sea-Feat.jpg\",\"contentUrl\":\"https:\\\/\\\/thecastlebythesea.com\\\/wp-content\\\/uploads\\\/2021\\\/03\\\/Castle-by-the-Sea-Feat.jpg\",\"width\":1200,\"height\":630,\"caption\":\"Motel Castle by the Sea\"},{\"@type\":\"BreadcrumbList\",\"@id\":\"https:\\\/\\\/thecastlebythesea.com\\\/es\\\/acerca-de-nuestro-motel\\\/#breadcrumb\",\"itemListElement\":[{\"@type\":\"ListItem\",\"position\":1,\"name\":\"Home\",\"item\":\"https:\\\/\\\/thecastlebythesea.com\\\/es\\\/\"},{\"@type\":\"ListItem\",\"position\":2,\"name\":\"Acerca de nuestro motel\"}]},{\"@type\":\"WebSite\",\"@id\":\"https:\\\/\\\/thecastlebythesea.com\\\/es\\\/#website\",\"url\":\"https:\\\/\\\/thecastlebythesea.com\\\/es\\\/\",\"name\":\"Castle by the Sea\",\"description\":\"Motel located in Lauderdale-By-The-Sea, USA\",\"publisher\":{\"@id\":\"https:\\\/\\\/thecastlebythesea.com\\\/es\\\/#organization\"},\"potentialAction\":[{\"@type\":\"SearchAction\",\"target\":{\"@type\":\"EntryPoint\",\"urlTemplate\":\"https:\\\/\\\/thecastlebythesea.com\\\/es\\\/?s={search_term_string}\"},\"query-input\":{\"@type\":\"PropertyValueSpecification\",\"valueRequired\":true,\"valueName\":\"search_term_string\"}}],\"inLanguage\":\"es\"},{\"@type\":\"Organization\",\"@id\":\"https:\\\/\\\/thecastlebythesea.com\\\/es\\\/#organization\",\"name\":\"Castle by the Sea Motel\",\"url\":\"https:\\\/\\\/thecastlebythesea.com\\\/es\\\/\",\"logo\":{\"@type\":\"ImageObject\",\"inLanguage\":\"es\",\"@id\":\"https:\\\/\\\/thecastlebythesea.com\\\/es\\\/#\\\/schema\\\/logo\\\/image\\\/\",\"url\":\"https:\\\/\\\/thecastlebythesea.com\\\/wp-content\\\/uploads\\\/2021\\\/03\\\/Castle-by-the-Sea-logo.png\",\"contentUrl\":\"https:\\\/\\\/thecastlebythesea.com\\\/wp-content\\\/uploads\\\/2021\\\/03\\\/Castle-by-the-Sea-logo.png\",\"width\":331,\"height\":90,\"caption\":\"Castle by the Sea Motel\"},\"image\":{\"@id\":\"https:\\\/\\\/thecastlebythesea.com\\\/es\\\/#\\\/schema\\\/logo\\\/image\\\/\"}}]}<\/script>\n<!-- \/ Yoast SEO plugin. -->","yoast_head_json":{"title":"Acerca de nuestro motel - Castle by the Sea Motel - Lauderdale-by-the-Sea, Florida","description":"Un motel de 16 habitaciones convenientemente situado a pocos minutos de una de las mejores playas de Florida. Venga a disfrutar del encanto de Lauderdale-by-the-Sea.","robots":{"index":"index","follow":"follow","max-snippet":"max-snippet:-1","max-image-preview":"max-image-preview:large","max-video-preview":"max-video-preview:-1"},"canonical":"https:\/\/thecastlebythesea.com\/es\/acerca-de-nuestro-motel\/","og_locale":"es_ES","og_type":"article","og_title":"Acerca de nuestro motel - Castle by the Sea Motel - Lauderdale-by-the-Sea, Florida","og_description":"Un motel de 16 habitaciones convenientemente situado a pocos minutos de una de las mejores playas de Florida. Venga a disfrutar del encanto de Lauderdale-by-the-Sea.","og_url":"https:\/\/thecastlebythesea.com\/es\/acerca-de-nuestro-motel\/","og_site_name":"Castle by the Sea Motel","article_modified_time":"2023-08-14T18:10:28+00:00","og_image":[{"width":1200,"height":630,"url":"https:\/\/thecastlebythesea.com\/wp-content\/uploads\/2021\/03\/Castle-by-the-Sea-Feat.jpg","type":"image\/jpeg"}],"twitter_card":"summary_large_image","twitter_misc":{"Tiempo de lectura":"2 minutos"},"schema":{"@context":"https:\/\/schema.org","@graph":[{"@type":"WebPage","@id":"https:\/\/thecastlebythesea.com\/es\/acerca-de-nuestro-motel\/","url":"https:\/\/thecastlebythesea.com\/es\/acerca-de-nuestro-motel\/","name":"Acerca de nuestro motel - Castle by the Sea Motel - Lauderdale-by-the-Sea, Florida","isPartOf":{"@id":"https:\/\/thecastlebythesea.com\/es\/#website"},"primaryImageOfPage":{"@id":"https:\/\/thecastlebythesea.com\/es\/acerca-de-nuestro-motel\/#primaryimage"},"image":{"@id":"https:\/\/thecastlebythesea.com\/es\/acerca-de-nuestro-motel\/#primaryimage"},"thumbnailUrl":"https:\/\/thecastlebythesea.com\/wp-content\/uploads\/2021\/03\/Castle-by-the-Sea-Feat.jpg","datePublished":"2021-03-24T14:06:53+00:00","dateModified":"2023-08-14T18:10:28+00:00","description":"Un motel de 16 habitaciones convenientemente situado a pocos minutos de una de las mejores playas de Florida. Venga a disfrutar del encanto de Lauderdale-by-the-Sea.","breadcrumb":{"@id":"https:\/\/thecastlebythesea.com\/es\/acerca-de-nuestro-motel\/#breadcrumb"},"inLanguage":"es","potentialAction":[{"@type":"ReadAction","target":["https:\/\/thecastlebythesea.com\/es\/acerca-de-nuestro-motel\/"]}]},{"@type":"ImageObject","inLanguage":"es","@id":"https:\/\/thecastlebythesea.com\/es\/acerca-de-nuestro-motel\/#primaryimage","url":"https:\/\/thecastlebythesea.com\/wp-content\/uploads\/2021\/03\/Castle-by-the-Sea-Feat.jpg","contentUrl":"https:\/\/thecastlebythesea.com\/wp-content\/uploads\/2021\/03\/Castle-by-the-Sea-Feat.jpg","width":1200,"height":630,"caption":"Motel Castle by the Sea"},{"@type":"BreadcrumbList","@id":"https:\/\/thecastlebythesea.com\/es\/acerca-de-nuestro-motel\/#breadcrumb","itemListElement":[{"@type":"ListItem","position":1,"name":"Home","item":"https:\/\/thecastlebythesea.com\/es\/"},{"@type":"ListItem","position":2,"name":"Acerca de nuestro motel"}]},{"@type":"WebSite","@id":"https:\/\/thecastlebythesea.com\/es\/#website","url":"https:\/\/thecastlebythesea.com\/es\/","name":"Castle by the Sea","description":"Motel located in Lauderdale-By-The-Sea, USA","publisher":{"@id":"https:\/\/thecastlebythesea.com\/es\/#organization"},"potentialAction":[{"@type":"SearchAction","target":{"@type":"EntryPoint","urlTemplate":"https:\/\/thecastlebythesea.com\/es\/?s={search_term_string}"},"query-input":{"@type":"PropertyValueSpecification","valueRequired":true,"valueName":"search_term_string"}}],"inLanguage":"es"},{"@type":"Organization","@id":"https:\/\/thecastlebythesea.com\/es\/#organization","name":"Castle by the Sea Motel","url":"https:\/\/thecastlebythesea.com\/es\/","logo":{"@type":"ImageObject","inLanguage":"es","@id":"https:\/\/thecastlebythesea.com\/es\/#\/schema\/logo\/image\/","url":"https:\/\/thecastlebythesea.com\/wp-content\/uploads\/2021\/03\/Castle-by-the-Sea-logo.png","contentUrl":"https:\/\/thecastlebythesea.com\/wp-content\/uploads\/2021\/03\/Castle-by-the-Sea-logo.png","width":331,"height":90,"caption":"Castle by the Sea Motel"},"image":{"@id":"https:\/\/thecastlebythesea.com\/es\/#\/schema\/logo\/image\/"}}]}},"_links":{"self":[{"href":"https:\/\/thecastlebythesea.com\/es\/wp-json\/wp\/v2\/pages\/2229","targetHints":{"allow":["GET"]}}],"collection":[{"href":"https:\/\/thecastlebythesea.com\/es\/wp-json\/wp\/v2\/pages"}],"about":[{"href":"https:\/\/thecastlebythesea.com\/es\/wp-json\/wp\/v2\/types\/page"}],"author":[{"embeddable":true,"href":"https:\/\/thecastlebythesea.com\/es\/wp-json\/wp\/v2\/users\/1"}],"replies":[{"embeddable":true,"href":"https:\/\/thecastlebythesea.com\/es\/wp-json\/wp\/v2\/comments?post=2229"}],"version-history":[{"count":5,"href":"https:\/\/thecastlebythesea.com\/es\/wp-json\/wp\/v2\/pages\/2229\/revisions"}],"predecessor-version":[{"id":2501,"href":"https:\/\/thecastlebythesea.com\/es\/wp-json\/wp\/v2\/pages\/2229\/revisions\/2501"}],"wp:featuredmedia":[{"embeddable":true,"href":"https:\/\/thecastlebythesea.com\/es\/wp-json\/wp\/v2\/media\/2180"}],"wp:attachment":[{"href":"https:\/\/thecastlebythesea.com\/es\/wp-json\/wp\/v2\/media?parent=2229"}],"curies":[{"name":"wp","href":"https:\/\/api.w.org\/{rel}","templated":true}]}}